{"id":95359,"date":"2024-01-10T14:18:14","date_gmt":"2024-01-10T14:18:14","guid":{"rendered":"https:\/\/www.pilates-ck.ch\/?page_id=95359"},"modified":"2026-03-19T11:58:28","modified_gmt":"2026-03-19T11:58:28","slug":"blog","status":"publish","type":"page","link":"https:\/\/www.pilates-ck.ch\/en\/blog\/","title":{"rendered":"Blog"},"content":{"rendered":"<div data-elementor-type=\"wp-page\" data-elementor-id=\"95359\" class=\"elementor elementor-95359\" data-elementor-post-type=\"page\">\n\t\t\t\t\t\t<section class=\"elementor-section elementor-top-section elementor-element elementor-element-8f88dc8 elementor-section-height-min-height elementor-section-items-bottom elementor-section-content-bottom elementor-section-boxed elementor-section-height-default\" data-id=\"8f88dc8\" data-element_type=\"section\" data-e-type=\"section\" data-settings=\"{&quot;background_background&quot;:&quot;classic&quot;}\">\n\t\t\t\t\t\t\t<div class=\"elementor-background-overlay\"><\/div>\n\t\t\t\t\t\t\t<div class=\"elementor-container elementor-column-gap-default\">\n\t\t\t\t\t<div class=\"elementor-column elementor-col-100 elementor-top-column elementor-element elementor-element-fb66c9d\" data-id=\"fb66c9d\" data-element_type=\"column\" data-e-type=\"column\" data-settings=\"{&quot;background_background&quot;:&quot;classic&quot;}\">\n\t\t\t<div class=\"elementor-widget-wrap elementor-element-populated\">\n\t\t\t\t\t\t<div class=\"elementor-element elementor-element-4fdf287 elementor-widget elementor-widget-heading\" data-id=\"4fdf287\" data-element_type=\"widget\" data-e-type=\"widget\" data-widget_type=\"heading.default\">\n\t\t\t\t\t<h1 class=\"elementor-heading-title elementor-size-default\">Blog<\/h1>\t\t\t\t<\/div>\n\t\t\t\t\t<\/div>\n\t\t<\/div>\n\t\t\t\t\t<\/div>\n\t\t<\/section>\n\t\t\t\t<section class=\"elementor-section elementor-top-section elementor-element elementor-element-0b9b839 elementor-section-content-bottom elementor-section-boxed elementor-section-height-default elementor-section-height-default\" data-id=\"0b9b839\" data-element_type=\"section\" data-e-type=\"section\" data-settings=\"{&quot;background_background&quot;:&quot;classic&quot;}\">\n\t\t\t\t\t\t<div class=\"elementor-container elementor-column-gap-extended\">\n\t\t\t\t\t<div class=\"elementor-column elementor-col-100 elementor-top-column elementor-element elementor-element-aaca529\" data-id=\"aaca529\" data-element_type=\"column\" data-e-type=\"column\">\n\t\t\t<div class=\"elementor-widget-wrap elementor-element-populated\">\n\t\t\t\t\t\t<div class=\"elementor-element elementor-element-46e73ab elementor-widget elementor-widget-spacer\" data-id=\"46e73ab\" data-element_type=\"widget\" data-e-type=\"widget\" data-widget_type=\"spacer.default\">\n\t\t\t\t\t\t\t<div class=\"elementor-spacer\">\n\t\t\t<div class=\"elementor-spacer-inner\"><\/div>\n\t\t<\/div>\n\t\t\t\t\t\t<\/div>\n\t\t\t\t<div class=\"elementor-element elementor-element-239f3a6 elementor-grid-2 elementor-grid-tablet-2 elementor-grid-mobile-1 elementor-posts--thumbnail-top elementor-card-shadow-yes elementor-posts__hover-gradient elementor-widget elementor-widget-posts\" data-id=\"239f3a6\" data-element_type=\"widget\" data-e-type=\"widget\" data-settings=\"{&quot;cards_columns&quot;:&quot;2&quot;,&quot;pagination_type&quot;:&quot;load_more_infinite_scroll&quot;,&quot;cards_columns_tablet&quot;:&quot;2&quot;,&quot;cards_columns_mobile&quot;:&quot;1&quot;,&quot;cards_row_gap&quot;:{&quot;unit&quot;:&quot;px&quot;,&quot;size&quot;:35,&quot;sizes&quot;:[]},&quot;cards_row_gap_widescreen&quot;:{&quot;unit&quot;:&quot;px&quot;,&quot;size&quot;:&quot;&quot;,&quot;sizes&quot;:[]},&quot;cards_row_gap_laptop&quot;:{&quot;unit&quot;:&quot;px&quot;,&quot;size&quot;:&quot;&quot;,&quot;sizes&quot;:[]},&quot;cards_row_gap_tablet_extra&quot;:{&quot;unit&quot;:&quot;px&quot;,&quot;size&quot;:&quot;&quot;,&quot;sizes&quot;:[]},&quot;cards_row_gap_tablet&quot;:{&quot;unit&quot;:&quot;px&quot;,&quot;size&quot;:&quot;&quot;,&quot;sizes&quot;:[]},&quot;cards_row_gap_mobile_extra&quot;:{&quot;unit&quot;:&quot;px&quot;,&quot;size&quot;:&quot;&quot;,&quot;sizes&quot;:[]},&quot;cards_row_gap_mobile&quot;:{&quot;unit&quot;:&quot;px&quot;,&quot;size&quot;:&quot;&quot;,&quot;sizes&quot;:[]},&quot;load_more_spinner&quot;:{&quot;value&quot;:&quot;fas fa-spinner&quot;,&quot;library&quot;:&quot;fa-solid&quot;}}\" data-widget_type=\"posts.cards\">\n\t\t\t\t<div class=\"elementor-widget-container\">\n\t\t\t\t\t\t\t<div class=\"elementor-posts-container elementor-posts elementor-posts--skin-cards elementor-grid\" role=\"list\">\n\t\t\t\t<article class=\"elementor-post elementor-grid-item post-98346 post type-post status-publish format-standard has-post-thumbnail hentry category-blog\" role=\"listitem\">\n\t\t\t<div class=\"elementor-post__card\">\n\t\t\t\t<a class=\"elementor-post__thumbnail__link\" href=\"https:\/\/www.pilates-ck.ch\/en\/die-spiralen-des-fruehlings-zurueck-zur-mitte-ihrer-praxis\/\" tabindex=\"-1\" ><div class=\"elementor-post__thumbnail\"><img fetchpriority=\"high\" decoding=\"async\" width=\"2204\" height=\"711\" src=\"https:\/\/www.pilates-ck.ch\/wp-content\/uploads\/2020\/07\/Online-Lektionen-Banner.jpg\" class=\"attachment-full size-full wp-image-7051\" alt=\"Online Lektionen Banner\" srcset=\"https:\/\/www.pilates-ck.ch\/wp-content\/uploads\/2020\/07\/Online-Lektionen-Banner.jpg 2204w, https:\/\/www.pilates-ck.ch\/wp-content\/uploads\/2020\/07\/Online-Lektionen-Banner-800x258.jpg 800w, https:\/\/www.pilates-ck.ch\/wp-content\/uploads\/2020\/07\/Online-Lektionen-Banner-300x97.jpg 300w, https:\/\/www.pilates-ck.ch\/wp-content\/uploads\/2020\/07\/Online-Lektionen-Banner-1024x330.jpg 1024w, https:\/\/www.pilates-ck.ch\/wp-content\/uploads\/2020\/07\/Online-Lektionen-Banner-768x248.jpg 768w, https:\/\/www.pilates-ck.ch\/wp-content\/uploads\/2020\/07\/Online-Lektionen-Banner-1536x496.jpg 1536w, https:\/\/www.pilates-ck.ch\/wp-content\/uploads\/2020\/07\/Online-Lektionen-Banner-2048x661.jpg 2048w\" sizes=\"(max-width: 2204px) 100vw, 2204px\" title=\"\"><\/div><\/a>\n\t\t\t\t<div class=\"elementor-post__badge\">Blog<\/div>\n\t\t\t\t<div class=\"elementor-post__text\">\n\t\t\t\t<h3 class=\"elementor-post__title\">\n\t\t\t<a href=\"https:\/\/www.pilates-ck.ch\/en\/die-spiralen-des-fruehlings-zurueck-zur-mitte-ihrer-praxis\/\" >\n\t\t\t\tDie Spiralen des Fr\u00fchlings: Zur\u00fcck zur Mitte Ihrer Praxis\t\t\t<\/a>\n\t\t<\/h3>\n\t\t\t\t<div class=\"elementor-post__excerpt\">\n\t\t\t<p>W\u00e4hrend das Licht in die Strassen von Z\u00fcrich zur\u00fcckkehrt und sich die ersten Anzeichen des<\/p>\n\t\t<\/div>\n\t\t\n\t\t<a class=\"elementor-post__read-more\" href=\"https:\/\/www.pilates-ck.ch\/en\/die-spiralen-des-fruehlings-zurueck-zur-mitte-ihrer-praxis\/\" aria-label=\"Read more about Die Spiralen des Fr\u00fchlings: Zur\u00fcck zur Mitte Ihrer Praxis\" tabindex=\"-1\" >\n\t\t\tLesen Sie mehr \u00bb\t\t<\/a>\n\n\t\t\t\t<\/div>\n\t\t\t\t\t<\/div>\n\t\t<\/article>\n\t\t\t\t<article class=\"elementor-post elementor-grid-item post-97620 post type-post status-publish format-standard has-post-thumbnail hentry category-blog\" role=\"listitem\">\n\t\t\t<div class=\"elementor-post__card\">\n\t\t\t\t<a class=\"elementor-post__thumbnail__link\" href=\"https:\/\/www.pilates-ck.ch\/en\/die-wissenschaft-hinter-der-pilates-atmung-und-ihre-wirkung-auf-das-nervensystem\/\" tabindex=\"-1\" ><div class=\"elementor-post__thumbnail\"><img fetchpriority=\"high\" decoding=\"async\" width=\"2204\" height=\"711\" src=\"https:\/\/www.pilates-ck.ch\/wp-content\/uploads\/2020\/07\/Online-Lektionen-Banner.jpg\" class=\"attachment-full size-full wp-image-7051\" alt=\"Online Lektionen Banner\" srcset=\"https:\/\/www.pilates-ck.ch\/wp-content\/uploads\/2020\/07\/Online-Lektionen-Banner.jpg 2204w, https:\/\/www.pilates-ck.ch\/wp-content\/uploads\/2020\/07\/Online-Lektionen-Banner-800x258.jpg 800w, https:\/\/www.pilates-ck.ch\/wp-content\/uploads\/2020\/07\/Online-Lektionen-Banner-300x97.jpg 300w, https:\/\/www.pilates-ck.ch\/wp-content\/uploads\/2020\/07\/Online-Lektionen-Banner-1024x330.jpg 1024w, https:\/\/www.pilates-ck.ch\/wp-content\/uploads\/2020\/07\/Online-Lektionen-Banner-768x248.jpg 768w, https:\/\/www.pilates-ck.ch\/wp-content\/uploads\/2020\/07\/Online-Lektionen-Banner-1536x496.jpg 1536w, https:\/\/www.pilates-ck.ch\/wp-content\/uploads\/2020\/07\/Online-Lektionen-Banner-2048x661.jpg 2048w\" sizes=\"(max-width: 2204px) 100vw, 2204px\" title=\"\"><\/div><\/a>\n\t\t\t\t<div class=\"elementor-post__badge\">Blog<\/div>\n\t\t\t\t<div class=\"elementor-post__text\">\n\t\t\t\t<h3 class=\"elementor-post__title\">\n\t\t\t<a href=\"https:\/\/www.pilates-ck.ch\/en\/die-wissenschaft-hinter-der-pilates-atmung-und-ihre-wirkung-auf-das-nervensystem\/\" >\n\t\t\t\tDie Wissenschaft hinter der Pilates-Atmung und ihre Wirkung auf das Nervensystem\t\t\t<\/a>\n\t\t<\/h3>\n\t\t\t\t<div class=\"elementor-post__excerpt\">\n\t\t\t<p>Die Atmung spielt im Pilates eine zentrale Rolle \u2013 nicht nur als unterst\u00fctzendes Element, sondern<\/p>\n\t\t<\/div>\n\t\t\n\t\t<a class=\"elementor-post__read-more\" href=\"https:\/\/www.pilates-ck.ch\/en\/die-wissenschaft-hinter-der-pilates-atmung-und-ihre-wirkung-auf-das-nervensystem\/\" aria-label=\"Read more about Die Wissenschaft hinter der Pilates-Atmung und ihre Wirkung auf das Nervensystem\" tabindex=\"-1\" >\n\t\t\tLesen Sie mehr \u00bb\t\t<\/a>\n\n\t\t\t\t<\/div>\n\t\t\t\t\t<\/div>\n\t\t<\/article>\n\t\t\t\t<article class=\"elementor-post elementor-grid-item post-97617 post type-post status-publish format-standard has-post-thumbnail hentry category-blog\" role=\"listitem\">\n\t\t\t<div class=\"elementor-post__card\">\n\t\t\t\t<a class=\"elementor-post__thumbnail__link\" href=\"https:\/\/www.pilates-ck.ch\/en\/pilates-fuer-wintersportler-ihren-koerper-optimal-auf-die-skisaison-vorbereiten\/\" tabindex=\"-1\" ><div class=\"elementor-post__thumbnail\"><img decoding=\"async\" width=\"2560\" height=\"1707\" src=\"https:\/\/www.pilates-ck.ch\/wp-content\/uploads\/2023\/01\/pexels-karolina-grabowska-4498609-scaled.jpg\" class=\"attachment-full size-full wp-image-94467\" alt=\"pexels karolina grabowska 4498609 scaled\" srcset=\"https:\/\/www.pilates-ck.ch\/wp-content\/uploads\/2023\/01\/pexels-karolina-grabowska-4498609-scaled.jpg 2560w, https:\/\/www.pilates-ck.ch\/wp-content\/uploads\/2023\/01\/pexels-karolina-grabowska-4498609-800x533.jpg 800w, https:\/\/www.pilates-ck.ch\/wp-content\/uploads\/2023\/01\/pexels-karolina-grabowska-4498609-300x200.jpg 300w, https:\/\/www.pilates-ck.ch\/wp-content\/uploads\/2023\/01\/pexels-karolina-grabowska-4498609-1024x683.jpg 1024w, https:\/\/www.pilates-ck.ch\/wp-content\/uploads\/2023\/01\/pexels-karolina-grabowska-4498609-768x512.jpg 768w, https:\/\/www.pilates-ck.ch\/wp-content\/uploads\/2023\/01\/pexels-karolina-grabowska-4498609-1536x1024.jpg 1536w, https:\/\/www.pilates-ck.ch\/wp-content\/uploads\/2023\/01\/pexels-karolina-grabowska-4498609-2048x1365.jpg 2048w\" sizes=\"(max-width: 2560px) 100vw, 2560px\" title=\"\"><\/div><\/a>\n\t\t\t\t<div class=\"elementor-post__badge\">Blog<\/div>\n\t\t\t\t<div class=\"elementor-post__text\">\n\t\t\t\t<h3 class=\"elementor-post__title\">\n\t\t\t<a href=\"https:\/\/www.pilates-ck.ch\/en\/pilates-fuer-wintersportler-ihren-koerper-optimal-auf-die-skisaison-vorbereiten\/\" >\n\t\t\t\tPilates f\u00fcr Wintersportler: Ihren K\u00f6rper optimal auf die Skisaison vorbereiten\t\t\t<\/a>\n\t\t<\/h3>\n\t\t\t\t<div class=\"elementor-post__excerpt\">\n\t\t\t<p>Wenn die Temperaturen sinken und der Winter n\u00e4her r\u00fcckt, beginnen viele Ski- und Snowboardbegeisterte in<\/p>\n\t\t<\/div>\n\t\t\n\t\t<a class=\"elementor-post__read-more\" href=\"https:\/\/www.pilates-ck.ch\/en\/pilates-fuer-wintersportler-ihren-koerper-optimal-auf-die-skisaison-vorbereiten\/\" aria-label=\"Read more about Pilates f\u00fcr Wintersportler: Ihren K\u00f6rper optimal auf die Skisaison vorbereiten\" tabindex=\"-1\" >\n\t\t\tLesen Sie mehr \u00bb\t\t<\/a>\n\n\t\t\t\t<\/div>\n\t\t\t\t\t<\/div>\n\t\t<\/article>\n\t\t\t\t<article class=\"elementor-post elementor-grid-item post-97305 post type-post status-publish format-standard has-post-thumbnail hentry category-blog-news\" role=\"listitem\">\n\t\t\t<div class=\"elementor-post__card\">\n\t\t\t\t<a class=\"elementor-post__thumbnail__link\" href=\"https:\/\/www.pilates-ck.ch\/en\/pilates-emotionales-wohlbefinden-bewegung-gegen-stress-angst-und-burnout\/\" tabindex=\"-1\" ><div class=\"elementor-post__thumbnail\"><img decoding=\"async\" width=\"2560\" height=\"1707\" src=\"https:\/\/www.pilates-ck.ch\/wp-content\/uploads\/2020\/05\/Pilates-5-scaled.jpg\" class=\"attachment-full size-full wp-image-6488\" alt=\"Pilates 5 scaled\" srcset=\"https:\/\/www.pilates-ck.ch\/wp-content\/uploads\/2020\/05\/Pilates-5-scaled.jpg 2560w, https:\/\/www.pilates-ck.ch\/wp-content\/uploads\/2020\/05\/Pilates-5-scaled-800x533.jpg 800w, https:\/\/www.pilates-ck.ch\/wp-content\/uploads\/2020\/05\/Pilates-5-scaled-300x200.jpg 300w, https:\/\/www.pilates-ck.ch\/wp-content\/uploads\/2020\/05\/Pilates-5-scaled-1024x683.jpg 1024w, https:\/\/www.pilates-ck.ch\/wp-content\/uploads\/2020\/05\/Pilates-5-scaled-768x512.jpg 768w, https:\/\/www.pilates-ck.ch\/wp-content\/uploads\/2020\/05\/Pilates-5-scaled-1536x1024.jpg 1536w, https:\/\/www.pilates-ck.ch\/wp-content\/uploads\/2020\/05\/Pilates-5-scaled-2048x1366.jpg 2048w, https:\/\/www.pilates-ck.ch\/wp-content\/uploads\/2020\/05\/Pilates-5-scaled-500x333.jpg 500w\" sizes=\"(max-width: 2560px) 100vw, 2560px\" title=\"\"><\/div><\/a>\n\t\t\t\t<div class=\"elementor-post__badge\">Blog &amp; News<\/div>\n\t\t\t\t<div class=\"elementor-post__text\">\n\t\t\t\t<h3 class=\"elementor-post__title\">\n\t\t\t<a href=\"https:\/\/www.pilates-ck.ch\/en\/pilates-emotionales-wohlbefinden-bewegung-gegen-stress-angst-und-burnout\/\" >\n\t\t\t\tPilates &#038; emotionales Wohlbefinden: Bewegung gegen Stress, Angst und Burnout\t\t\t<\/a>\n\t\t<\/h3>\n\t\t\t\t<div class=\"elementor-post__excerpt\">\n\t\t\t<p>In der heutigen schnelllebigen Welt leben viele von uns unter st\u00e4ndigem Druck \u2013 enge Zeitpl\u00e4ne,<\/p>\n\t\t<\/div>\n\t\t\n\t\t<a class=\"elementor-post__read-more\" href=\"https:\/\/www.pilates-ck.ch\/en\/pilates-emotionales-wohlbefinden-bewegung-gegen-stress-angst-und-burnout\/\" aria-label=\"Read more about Pilates &#038; emotionales Wohlbefinden: Bewegung gegen Stress, Angst und Burnout\" tabindex=\"-1\" >\n\t\t\tLesen Sie mehr \u00bb\t\t<\/a>\n\n\t\t\t\t<\/div>\n\t\t\t\t\t<\/div>\n\t\t<\/article>\n\t\t\t\t<article class=\"elementor-post elementor-grid-item post-97272 post type-post status-publish format-standard has-post-thumbnail hentry category-blog-news\" role=\"listitem\">\n\t\t\t<div class=\"elementor-post__card\">\n\t\t\t\t<a class=\"elementor-post__thumbnail__link\" href=\"https:\/\/www.pilates-ck.ch\/en\/warum-pilates-die-perfekte-morgenroutine-ist\/\" tabindex=\"-1\" ><div class=\"elementor-post__thumbnail\"><img loading=\"lazy\" decoding=\"async\" width=\"800\" height=\"500\" src=\"https:\/\/www.pilates-ck.ch\/wp-content\/uploads\/2020\/06\/Pilates-5-3.jpg\" class=\"attachment-full size-full wp-image-6557\" alt=\"Pilates 5 3\" srcset=\"https:\/\/www.pilates-ck.ch\/wp-content\/uploads\/2020\/06\/Pilates-5-3.jpg 800w, https:\/\/www.pilates-ck.ch\/wp-content\/uploads\/2020\/06\/Pilates-5-3-300x188.jpg 300w, https:\/\/www.pilates-ck.ch\/wp-content\/uploads\/2020\/06\/Pilates-5-3-768x480.jpg 768w, https:\/\/www.pilates-ck.ch\/wp-content\/uploads\/2020\/06\/Pilates-5-3-400x250.jpg 400w, https:\/\/www.pilates-ck.ch\/wp-content\/uploads\/2020\/06\/Pilates-5-3-500x313.jpg 500w\" sizes=\"(max-width: 800px) 100vw, 800px\" title=\"\"><\/div><\/a>\n\t\t\t\t<div class=\"elementor-post__badge\">Blog &amp; News<\/div>\n\t\t\t\t<div class=\"elementor-post__text\">\n\t\t\t\t<h3 class=\"elementor-post__title\">\n\t\t\t<a href=\"https:\/\/www.pilates-ck.ch\/en\/warum-pilates-die-perfekte-morgenroutine-ist\/\" >\n\t\t\t\tWarum Pilates die perfekte Morgenroutine ist\t\t\t<\/a>\n\t\t<\/h3>\n\t\t\t\t<div class=\"elementor-post__excerpt\">\n\t\t\t<p>Der Morgen gibt den Ton f\u00fcr den restlichen Tag an \u2013 und wie k\u00f6nnte man<\/p>\n\t\t<\/div>\n\t\t\n\t\t<a class=\"elementor-post__read-more\" href=\"https:\/\/www.pilates-ck.ch\/en\/warum-pilates-die-perfekte-morgenroutine-ist\/\" aria-label=\"Read more about Warum Pilates die perfekte Morgenroutine ist\" tabindex=\"-1\" >\n\t\t\tLesen Sie mehr \u00bb\t\t<\/a>\n\n\t\t\t\t<\/div>\n\t\t\t\t\t<\/div>\n\t\t<\/article>\n\t\t\t\t<article class=\"elementor-post elementor-grid-item post-97260 post type-post status-publish format-standard has-post-thumbnail hentry category-blog-news\" role=\"listitem\">\n\t\t\t<div class=\"elementor-post__card\">\n\t\t\t\t<a class=\"elementor-post__thumbnail__link\" href=\"https:\/\/www.pilates-ck.ch\/en\/pilates-fuer-bueroangestellte-die-schaedlichen-folgen-von-langem-sitzen-beseitigen\/\" tabindex=\"-1\" ><div class=\"elementor-post__thumbnail\"><img loading=\"lazy\" decoding=\"async\" width=\"2560\" height=\"1707\" src=\"https:\/\/www.pilates-ck.ch\/wp-content\/uploads\/2023\/02\/young-asian-fitness-girl-doing-stretching-sport-workout-home-stretch-arms-looking-laptop-f-scaled.jpg\" class=\"attachment-full size-full wp-image-94483\" alt=\"young asian fitness girl doing stretching sport workout home stretch arms looking laptop f scaled\" srcset=\"https:\/\/www.pilates-ck.ch\/wp-content\/uploads\/2023\/02\/young-asian-fitness-girl-doing-stretching-sport-workout-home-stretch-arms-looking-laptop-f-scaled.jpg 2560w, https:\/\/www.pilates-ck.ch\/wp-content\/uploads\/2023\/02\/young-asian-fitness-girl-doing-stretching-sport-workout-home-stretch-arms-looking-laptop-f-800x533.jpg 800w, https:\/\/www.pilates-ck.ch\/wp-content\/uploads\/2023\/02\/young-asian-fitness-girl-doing-stretching-sport-workout-home-stretch-arms-looking-laptop-f-300x200.jpg 300w, https:\/\/www.pilates-ck.ch\/wp-content\/uploads\/2023\/02\/young-asian-fitness-girl-doing-stretching-sport-workout-home-stretch-arms-looking-laptop-f-1024x683.jpg 1024w, https:\/\/www.pilates-ck.ch\/wp-content\/uploads\/2023\/02\/young-asian-fitness-girl-doing-stretching-sport-workout-home-stretch-arms-looking-laptop-f-768x512.jpg 768w, https:\/\/www.pilates-ck.ch\/wp-content\/uploads\/2023\/02\/young-asian-fitness-girl-doing-stretching-sport-workout-home-stretch-arms-looking-laptop-f-1536x1024.jpg 1536w, https:\/\/www.pilates-ck.ch\/wp-content\/uploads\/2023\/02\/young-asian-fitness-girl-doing-stretching-sport-workout-home-stretch-arms-looking-laptop-f-2048x1365.jpg 2048w\" sizes=\"(max-width: 2560px) 100vw, 2560px\" title=\"\"><\/div><\/a>\n\t\t\t\t<div class=\"elementor-post__badge\">Blog &amp; News<\/div>\n\t\t\t\t<div class=\"elementor-post__text\">\n\t\t\t\t<h3 class=\"elementor-post__title\">\n\t\t\t<a href=\"https:\/\/www.pilates-ck.ch\/en\/pilates-fuer-bueroangestellte-die-schaedlichen-folgen-von-langem-sitzen-beseitigen\/\" >\n\t\t\t\tPilates f\u00fcr B\u00fcroangestellte: Die sch\u00e4dlichen Folgen von langem Sitzen beseitigen\t\t\t<\/a>\n\t\t<\/h3>\n\t\t\t\t<div class=\"elementor-post__excerpt\">\n\t\t\t<p>In der heutigen digitalen Welt verbringen viele von uns t\u00e4glich Stunden gebeugt am Schreibtisch, tippen<\/p>\n\t\t<\/div>\n\t\t\n\t\t<a class=\"elementor-post__read-more\" href=\"https:\/\/www.pilates-ck.ch\/en\/pilates-fuer-bueroangestellte-die-schaedlichen-folgen-von-langem-sitzen-beseitigen\/\" aria-label=\"Read more about Pilates f\u00fcr B\u00fcroangestellte: Die sch\u00e4dlichen Folgen von langem Sitzen beseitigen\" tabindex=\"-1\" >\n\t\t\tLesen Sie mehr \u00bb\t\t<\/a>\n\n\t\t\t\t<\/div>\n\t\t\t\t\t<\/div>\n\t\t<\/article>\n\t\t\t\t<\/div>\n\t\t\t\t\t<span class=\"e-load-more-spinner\">\n\t\t\t\t<svg aria-hidden=\"true\" class=\"e-font-icon-svg e-fas-spinner\" viewbox=\"0 0 512 512\" xmlns=\"http:\/\/www.w3.org\/2000\/svg\"><path d=\"M304 48c0 26.51-21.49 48-48 48s-48-21.49-48-48 21.49-48 48-48 48 21.49 48 48zm-48 368c-26.51 0-48 21.49-48 48s21.49 48 48 48 48-21.49 48-48-21.49-48-48-48zm208-208c-26.51 0-48 21.49-48 48s21.49 48 48 48 48-21.49 48-48-21.49-48-48-48zM96 256c0-26.51-21.49-48-48-48S0 229.49 0 256s21.49 48 48 48 48-21.49 48-48zm12.922 99.078c-26.51 0-48 21.49-48 48s21.49 48 48 48 48-21.49 48-48c0-26.509-21.491-48-48-48zm294.156 0c-26.51 0-48 21.49-48 48s21.49 48 48 48 48-21.49 48-48c0-26.509-21.49-48-48-48zM108.922 60.922c-26.51 0-48 21.49-48 48s21.49 48 48 48 48-21.49 48-48-21.491-48-48-48z\"><\/path><\/svg>\t\t\t<\/span>\n\t\t\n\t\t\t\t<div class=\"e-load-more-anchor\" data-page=\"1\" data-max-page=\"4\" data-next-page=\"https:\/\/www.pilates-ck.ch\/en\/wp-json\/wp\/v2\/pages\/95359\/page\/2\/\"><\/div>\n\t\t\t\t<div class=\"e-load-more-message\"><\/div>\n\t\t\t\t\t\t<\/div>\n\t\t\t\t<\/div>\n\t\t\t\t\t<\/div>\n\t\t<\/div>\n\t\t\t\t\t<\/div>\n\t\t<\/section>\n\t\t\t\t<\/div>","protected":false},"excerpt":{"rendered":"<p>Blog<\/p>","protected":false},"author":32149,"featured_media":0,"parent":0,"menu_order":0,"comment_status":"closed","ping_status":"closed","template":"","meta":{"footnotes":""},"class_list":["post-95359","page","type-page","status-publish","hentry"],"_links":{"self":[{"href":"https:\/\/www.pilates-ck.ch\/en\/wp-json\/wp\/v2\/pages\/95359","targetHints":{"allow":["GET"]}}],"collection":[{"href":"https:\/\/www.pilates-ck.ch\/en\/wp-json\/wp\/v2\/pages"}],"about":[{"href":"https:\/\/www.pilates-ck.ch\/en\/wp-json\/wp\/v2\/types\/page"}],"author":[{"embeddable":true,"href":"https:\/\/www.pilates-ck.ch\/en\/wp-json\/wp\/v2\/users\/32149"}],"replies":[{"embeddable":true,"href":"https:\/\/www.pilates-ck.ch\/en\/wp-json\/wp\/v2\/comments?post=95359"}],"version-history":[{"count":8,"href":"https:\/\/www.pilates-ck.ch\/en\/wp-json\/wp\/v2\/pages\/95359\/revisions"}],"predecessor-version":[{"id":98353,"href":"https:\/\/www.pilates-ck.ch\/en\/wp-json\/wp\/v2\/pages\/95359\/revisions\/98353"}],"wp:attachment":[{"href":"https:\/\/www.pilates-ck.ch\/en\/wp-json\/wp\/v2\/media?parent=95359"}],"curies":[{"name":"wp","href":"https:\/\/api.w.org\/{rel}","templated":true}]}}